{"id":995,"date":"2012-02-11T21:52:02","date_gmt":"2012-02-11T19:52:02","guid":{"rendered":"http:\/\/www.ispas-ev.de\/?page_id=995"},"modified":"2022-06-19T16:17:33","modified_gmt":"2022-06-19T14:17:33","slug":"europaprojekte","status":"publish","type":"page","link":"https:\/\/www.ispas-ev.de\/?page_id=995","title":{"rendered":"Europaprojekte"},"content":{"rendered":"<div dir=\"ltr\">\n<div>\n<p class=\"ydpba6feb6fmsonormal\"><span style=\"font-family: arial, helvetica, sans-serif; font-size: 12pt;\">Als St\u00e4dtepartnerschaftsverein f\u00fchrt ISPAS e. V. seit 1995 europ\u00e4ische Projekte durch, um den Austausch zwischen den B\u00fcrgerinnen und B\u00fcrgern der internationalen Partnerst\u00e4dte zu f\u00f6rdern. Ziel von ISPAS ist es, zu gegenseitigem Verst\u00e4ndnis und gesellschaftlichem Zusammenhalt zwischen den Menschen der europ\u00e4ischen L\u00e4nder beizutragen. Dabei bietet der Verein europ\u00e4ische B\u00fcrgerfahrten, internationale Jugendbegegnungen und Online-Veranstaltungen an.<\/span><\/p>\n<p class=\"ydpba6feb6fmsonormal\"><span style=\"font-family: arial, helvetica, sans-serif; font-size: 12pt;\">Die B\u00fcrgerfahrten f\u00fchren die Sindelfinger B\u00fcrgerinnen und B\u00fcrger zu den Menschen ihrer Partnerst\u00e4dte nach England, Frankreich, Italien, Polen, Schweiz, Torgau in Sachsen und Ungarn. Die Reisen zeichnen sich durch interessanten kulturellen Austausch und respektvolles Kennenlernen aus.\u00a0<\/span><\/p>\n<p class=\"ydpba6feb6fmsonormal\"><span style=\"font-family: arial, helvetica, sans-serif; font-size: 12pt;\">Bei den internationalen Jugendbegegnungen st\u00e4rken die jungen Menschen ihre Kompetenzen und tauchen tief ein in die europ\u00e4ischen Werte der Solidarit\u00e4t und Toleranz. Sie lernen \u00fcber Vielfalt und gesellschaftlichen Zusammenhalt und vertiefen ihre sprachlichen und sozialen Kompetenzen, au\u00dferdem ihr Wissen \u00fcber Demokratie und B\u00fcrgerschaft in Europa. Die Jugendbegegnungen werden durch F\u00f6rdergelder der EU-F\u00f6rderprogramme Erasmus+ unterst\u00fctzt.<\/span><\/p>\n<p><span style=\"font-family: arial, helvetica, sans-serif; font-size: 12pt;\">Sch\u00fcler und\u00a0 Lehrer folgender Schulen tauschen sich sowohl in Online-Gespr\u00e4chen als auch in pers\u00f6nlichen Treffen regelm\u00e4\u00dfig aus:<\/span><\/p>\n<p><span style=\"font-size: 12pt; font-family: arial, helvetica, sans-serif;\">Frankreich \/ Corbeil-Essonnes \/ Lyce\u00e8 Robert Doisneau<\/span><\/p>\n<p><span style=\"font-size: 12pt; font-family: arial, helvetica, sans-serif;\">England \/ Dronfield \/ Dronfield Henry Fanshawe School<\/span><\/p>\n<p><span style=\"font-size: 12pt; font-family: arial, helvetica, sans-serif;\">Italien \/ Sondrio \/ Liceo G. Piazzi &#8211; C. Lena Perpenti<\/span><\/p>\n<\/div>\n<div>\n<p><span style=\"font-family: arial, helvetica, sans-serif; font-size: 12pt;\">Polen \/ Chelm \/ Lyzeum Stefan Czarniecki und Szkola Podstawowa Nr. 6\u00a0<\/span><\/p>\n<p><span style=\"font-family: arial, helvetica, sans-serif; font-size: 12pt;\">Ungarn \/ Gy\u00f6r \/ Gy\u00f6ri Szolg\u00e1ltat\u00e1si SzC De\u00e1k Ferenc K\u00f6zgazdas\u00e1gi Szakgimn\u00e1ziuma<\/span><\/p>\n<p>&nbsp;<\/p>\n<\/div>\n<\/div>\n","protected":false},"excerpt":{"rendered":"<p>Als St\u00e4dtepartnerschaftsverein f\u00fchrt ISPAS e. V. seit 1995 europ\u00e4ische Projekte durch, um den Austausch zwischen den B\u00fcrgerinnen und B\u00fcrgern der internationalen Partnerst\u00e4dte zu f\u00f6rdern. Ziel von ISPAS ist es, zu gegenseitigem Verst\u00e4ndnis und gesellschaftlichem Zusammenhalt zwischen den Menschen der europ\u00e4ischen L\u00e4nder beizutragen. Dabei bietet der Verein europ\u00e4ische B\u00fcrgerfahrten, internationale Jugendbegegnungen und Online-Veranstaltungen an. Die B\u00fcrgerfahrten &hellip; <\/p>\n","protected":false},"author":3,"featured_media":0,"parent":0,"menu_order":40,"comment_status":"closed","ping_status":"closed","template":"","meta":{"footnotes":""},"class_list":["post-995","page","type-page","status-publish","hentry","entry"],"_links":{"self":[{"href":"https:\/\/www.ispas-ev.de\/index.php?rest_route=\/wp\/v2\/pages\/995","targetHints":{"allow":["GET"]}}],"collection":[{"href":"https:\/\/www.ispas-ev.de\/index.php?rest_route=\/wp\/v2\/pages"}],"about":[{"href":"https:\/\/www.ispas-ev.de\/index.php?rest_route=\/wp\/v2\/types\/page"}],"author":[{"embeddable":true,"href":"https:\/\/www.ispas-ev.de\/index.php?rest_route=\/wp\/v2\/users\/3"}],"replies":[{"embeddable":true,"href":"https:\/\/www.ispas-ev.de\/index.php?rest_route=%2Fwp%2Fv2%2Fcomments&post=995"}],"version-history":[{"count":10,"href":"https:\/\/www.ispas-ev.de\/index.php?rest_route=\/wp\/v2\/pages\/995\/revisions"}],"predecessor-version":[{"id":6332,"href":"https:\/\/www.ispas-ev.de\/index.php?rest_route=\/wp\/v2\/pages\/995\/revisions\/6332"}],"wp:attachment":[{"href":"https:\/\/www.ispas-ev.de\/index.php?rest_route=%2Fwp%2Fv2%2Fmedia&parent=995"}],"curies":[{"name":"wp","href":"https:\/\/api.w.org\/{rel}","templated":true}]}}