{"id":6490,"date":"2022-08-11T17:05:46","date_gmt":"2022-08-11T15:05:46","guid":{"rendered":"https:\/\/www.ispas-ev.de\/?page_id=6490"},"modified":"2023-03-04T20:10:22","modified_gmt":"2023-03-04T19:10:22","slug":"beitrag-von-dronfield-zu-25-jahre-ispas","status":"publish","type":"page","link":"https:\/\/www.ispas-ev.de\/?page_id=6490","title":{"rendered":"Beitrag von Dronfield zu 25-Jahre ISPAS"},"content":{"rendered":"<p style=\"text-align: justify;\">Die Vereinsmitglieder hatten sich zu den Feierlichkeiten <a href=\"https:\/\/www.ispas-ev.de\/?p=6465\">\u201e25-Jahre ISPAS\u201c einen Film \u00fcber die gelebten Beziehungen zu den Sindelfinger Partnerst\u00e4dten<\/a> vorgenommen. Daraufhin stellten die Sindelfinger Partnerst\u00e4dte und Vereinsmitglieder Film- und Bildmaterial zusammen und ISPAS zur Verf\u00fcgung.<\/p>\n<p style=\"text-align: justify;\">Hier ist der Filmbeitrag unserer Partnerstadt Dronfield zu 25-Jahre ISPAS:<\/p>\n<p><iframe loading=\"lazy\" title=\"Dronfield 2022\" width=\"1100\" height=\"619\" src=\"https:\/\/www.youtube.com\/embed\/77x-vyeGjYE?feature=oembed\" frameborder=\"0\" allow=\"accelerometer; autoplay; clipboard-write; encrypted-media; gyroscope; picture-in-picture; web-share\" allowfullscreen><\/iframe><\/p>\n<p>Die Beitr\u00e4ge unserer Partnerst\u00e4dte zu 25-Jahre ISPAS:<br \/>\n<strong><a class=\"row-title\" href=\"https:\/\/www.ispas-ev.de\/?page_id=6480\" aria-label=\"\u201eBeitrag von Che\u0142m zu 25-Jahre ISPAS\u201c (Bearbeiten)\">Beitrag von Che\u0142m<\/a><br \/>\n<a class=\"row-title\" href=\"https:\/\/www.ispas-ev.de\/?page_id=6489\" aria-label=\"\u201eBeitrag von Corbeille-Essonnes zu 25-Jahre ISPAS\u201c (Bearbeiten)\">Beitrag von Corbeil-Essonnes<\/a><br \/>\n<a class=\"row-title\" href=\"https:\/\/www.ispas-ev.de\/?page_id=6490\" aria-label=\"\u201eBeitrag von Corbeille-Essonnes zu 25-Jahre ISPAS\u201c (Bearbeiten)\">Beitrag von Dronfield<\/a><br \/>\n<a class=\"row-title\" href=\"https:\/\/www.ispas-ev.de\/?page_id=6485\" aria-label=\"\u201eBeitrag von Gy\u0151r zu 25-Jahre ISPAS\u201c (Bearbeiten)\">Beitrag von Gy\u0151r<\/a><br \/>\n<a class=\"row-title\" href=\"https:\/\/www.ispas-ev.de\/?page_id=6486\" aria-label=\"\u201eBeitrag von Schaffhausen zu 25-Jahre ISPAS\u201c (Bearbeiten)\">Beitrag von Schaffhausen<\/a><br \/>\n<a class=\"row-title\" href=\"https:\/\/www.ispas-ev.de\/?page_id=6487\" aria-label=\"\u201eBeitrag von Sondrio zu 25-Jahre ISPAS\u201c (Bearbeiten)\">Beitrag von Sondrio<\/a><br \/>\n<a class=\"row-title\" href=\"https:\/\/www.ispas-ev.de\/?page_id=6488\" aria-label=\"\u201eBeitrag von Torgau zu 25-Jahre ISPAS\u201c (Bearbeiten)\">Beitrag von Torgau<\/a><br \/>\n<\/strong><\/p>\n<p>&nbsp;<\/p>\n<p><strong>&nbsp;<\/strong><\/p>\n<p>&nbsp;<\/p>\n","protected":false},"excerpt":{"rendered":"<p>Die Vereinsmitglieder hatten sich zu den Feierlichkeiten \u201e25-Jahre ISPAS\u201c einen Film \u00fcber die gelebten Beziehungen zu den Sindelfinger Partnerst\u00e4dten vorgenommen. Daraufhin stellten die Sindelfinger Partnerst\u00e4dte und Vereinsmitglieder Film- und Bildmaterial zusammen und ISPAS zur Verf\u00fcgung. Hier ist der Filmbeitrag unserer Partnerstadt Dronfield zu 25-Jahre ISPAS: Die Beitr\u00e4ge unserer Partnerst\u00e4dte zu 25-Jahre ISPAS: Beitrag von Che\u0142m &hellip; <\/p>\n","protected":false},"author":5,"featured_media":0,"parent":0,"menu_order":0,"comment_status":"closed","ping_status":"closed","template":"","meta":{"footnotes":""},"class_list":["post-6490","page","type-page","status-publish","hentry","entry"],"_links":{"self":[{"href":"https:\/\/www.ispas-ev.de\/index.php?rest_route=\/wp\/v2\/pages\/6490","targetHints":{"allow":["GET"]}}],"collection":[{"href":"https:\/\/www.ispas-ev.de\/index.php?rest_route=\/wp\/v2\/pages"}],"about":[{"href":"https:\/\/www.ispas-ev.de\/index.php?rest_route=\/wp\/v2\/types\/page"}],"author":[{"embeddable":true,"href":"https:\/\/www.ispas-ev.de\/index.php?rest_route=\/wp\/v2\/users\/5"}],"replies":[{"embeddable":true,"href":"https:\/\/www.ispas-ev.de\/index.php?rest_route=%2Fwp%2Fv2%2Fcomments&post=6490"}],"version-history":[{"count":7,"href":"https:\/\/www.ispas-ev.de\/index.php?rest_route=\/wp\/v2\/pages\/6490\/revisions"}],"predecessor-version":[{"id":7037,"href":"https:\/\/www.ispas-ev.de\/index.php?rest_route=\/wp\/v2\/pages\/6490\/revisions\/7037"}],"wp:attachment":[{"href":"https:\/\/www.ispas-ev.de\/index.php?rest_route=%2Fwp%2Fv2%2Fmedia&parent=6490"}],"curies":[{"name":"wp","href":"https:\/\/api.w.org\/{rel}","templated":true}]}}