{"id":161,"date":"2011-08-03T22:36:07","date_gmt":"2011-08-03T20:36:07","guid":{"rendered":"http:\/\/www.ispas-ev.de\/?page_id=161"},"modified":"2018-04-16T22:49:38","modified_gmt":"2018-04-16T20:49:38","slug":"gyoer","status":"publish","type":"page","link":"https:\/\/www.ispas-ev.de\/?page_id=161","title":{"rendered":"Gy\u0151r"},"content":{"rendered":"<p><span style=\"font-family: arial,helvetica,sans-serif; font-size: small;\">Partnerstadt seit 1989<\/span><\/p>\n<p><span style=\"font-family: arial,helvetica,sans-serif; font-size: small;\"><a href=\"https:\/\/www.ispas-ev.de\/wp-content\/uploads\/2011\/08\/Wappen-Gy\u00f6r-110x100.jpg\"><img loading=\"lazy\" decoding=\"async\" class=\"alignright size-full wp-image-1050\" title=\"Stadtwappen Gy\u00f6rs\" src=\"https:\/\/www.ispas-ev.de\/wp-content\/uploads\/2011\/08\/Wappen-Gy\u00f6r-110x100.jpg\" alt=\"\" width=\"110\" height=\"100\"><\/a><\/span><\/p>\n<p><span style=\"font-family: arial,helvetica,sans-serif; font-size: small;\">Gy\u0151r (<em>deutsch Raab) <\/em>liegt in West-Ungarn, zwischen Wien und Budapest, je 120 km von beiden Haupst\u00e4dten entfernt. Hier m\u00fcnden die R\u00e1ba (Raab) und die R\u00e1bca in die <em>Mosoni Duna<\/em> (Moson-Donau oder Kleine Donau), einen rechtsseitigen Seitenarm der Donau. Eine \u201eStadt der Fl\u00fcsse\u201c also.<\/span><\/p>\n<p><span style=\"font-size: small; font-family: arial,helvetica,sans-serif;\"><a href=\"https:\/\/www.ispas-ev.de\/wp-content\/uploads\/2011\/08\/Gy%C3%B6r-R%C3%A1ba-kurz-vor-Einm%C3%BCndung-in-die-Kleine-Donau-mit-Bischofsburg.jpg\"><img loading=\"lazy\" decoding=\"async\" class=\"alignleft size-medium wp-image-551\" title=\"Gy\u00f6r - R\u00e1ba kurz vor Einm\u00fcndung in die Kleine Donau mit Bischofsburg\" src=\"https:\/\/www.ispas-ev.de\/wp-content\/uploads\/2011\/08\/Gy%C3%B6r-R%C3%A1ba-kurz-vor-Einm%C3%BCndung-in-die-Kleine-Donau-mit-Bischofsburg-300x225.jpg\" alt=\"R\u00e1ba kurz vor Einm\u00fcndung in die Kleine Donau - mit Bischofsburg\" width=\"240\" height=\"180\"><\/a>In der Antike befand sich auf dem Gebiet der Stadt Gy\u0151r die r\u00f6mische Siedlung Arrabona. Von Arrabona leitet sich der Name \u201eRaab\u201c ab. Bistum und Burggrafschaft wurden im 10. Jahrhundert gegr\u00fcndet, das Stadtrecht folgte 1271. Gy\u0151r war w\u00e4hrend der T\u00fcrkenkriege (16.-17. Jh.) einer der letzten Vorposten vor Wien und hatte daher unsch\u00e4tzbare milit\u00e4rische Bedeutung.<\/span><\/p>\n<p><span style=\"font-size: small; font-family: arial,helvetica,sans-serif;\"><br \/>\n<\/span><\/p>\n<p><span style=\"font-size: small; font-family: arial,helvetica,sans-serif;\"><a href=\"https:\/\/www.ispas-ev.de\/wp-content\/uploads\/2011\/08\/Gy%C3%B6r-B%C3%A9csi-Kapu-T%C3%A9r-Wiener-Tor-Platz.jpg\"><img loading=\"lazy\" decoding=\"async\" class=\"alignright size-medium wp-image-552\" title=\"Gy\u00f6r - B\u00e9csi-Kapu-T\u00e9r - Wiener-Tor-Platz\" src=\"https:\/\/www.ispas-ev.de\/wp-content\/uploads\/2011\/08\/Gy%C3%B6r-B%C3%A9csi-Kapu-T%C3%A9r-Wiener-Tor-Platz-300x224.jpg\" alt=\"B\u00e9csi-Kapu-T\u00e9r -- Wiener-Tor-Platz\" width=\"240\" height=\"179\"><\/a>In der Neuzeit widerfuhren den Gy\u0151rern einige gro\u00dfe Ersch\u00fctterungen. So der Verlust des n\u00f6rdlichen Hinterlandes an die Tschechoslowakei durch den Vertrag von Trianon 1920, die Deportation der j\u00fcdischen Bev\u00f6lkerung 1944, die Besetzung durch die Rote Armee 1945, der tragische Volksaufstand 1956 gegen die kommunistische Herrschaft, die dann noch bis 1989 dauerte.<\/span><\/p>\n<p><span style=\"font-family: arial,helvetica,sans-serif; font-size: small;\"><a href=\"..\/wp-content\/uploads\/2011\/08\/Gy%C3%B6r-Zusammenfluss-R%C3%A1ba-und-Kleine-Donau.jpg\"><img loading=\"lazy\" decoding=\"async\" class=\"alignleft size-medium wp-image-559\" style=\"margin-top: 5px; margin-bottom: 50px;\" title=\"Gy\u00f6r - Zusammenfluss R\u00e1ba und Kleine Donau\" src=\"..\/wp-content\/uploads\/2011\/08\/Gy%C3%B6r-Zusammenfluss-R%C3%A1ba-und-Kleine-Donau-300x224.jpg\" alt=\"Zusammenfluss von R\u00e1ba und Kleiner Donau\" width=\"240\" height=\"179\"><\/a><\/span><span style=\"font-family: arial,helvetica,sans-serif; font-size: small;\">Heute hat Gy\u0151r 130.000 Einwohner und ist der Komitatssitz des Komitats <\/span><span style=\"font-family: arial,helvetica,sans-serif; font-size: small;\">Gy\u0151r-Moson-Sopron.<\/span><\/p>\n<p><span style=\"font-family: arial,helvetica,sans-serif; font-size: small;\">Gy\u0151r unterh\u00e4lt drei Hochschulen und ist seit 1994 Standort der AUDI HUNGARIA MOTOR Kft. (AHM), des Motorenwerks der Audi AG. 2010 besch\u00e4ftigte AHM laut eigenen Angaben in Gy\u0151r 6.138 Mitarbeiter. Gy\u0151r ist einer der wichtigsten Industriestandorte des Landes, mit regem Kulturleben und zahlreichen Sport- und anderen Vereinen.<\/span><\/p>\n<p><span style=\"font-size: small; font-family: arial,helvetica,sans-serif;\">Wie Sindelfingen ist auch Gy\u0151r an internationalen Kontakten interessiert und unterh\u00e4lt St\u00e4dtepartnerschaften mit:<strong><em> Erfurt<\/em><\/strong>, Deutschland (1971),&nbsp;<strong><em>Kuopio<\/em><\/strong> Finnland (1978), <strong><em>Sindelfingen<\/em><\/strong>, Deutschland (1989) , <strong><em>Colmar<\/em><\/strong>, Frankreich (1993), <strong><em>Brass\u00f3<\/em><\/strong>, Rum\u00e4nien (1993), <strong><em>Nazareth-Illit<\/em><\/strong>, Israel (1993) <strong><em>Wuhan<\/em><\/strong>, China (1994), <strong><em>Poznan<\/em><\/strong>, Polen (2008), <strong><em>Ingolstadt<\/em><\/strong>, Deutschland (2008)<\/span><\/p>\n<p>&nbsp;<\/p>\n<p><span style=\"font-size: small; font-family: arial,helvetica,sans-serif;\"><strong>Gemeinsame Aktivit\u00e4ten Sindelfingen-Gy\u0151r <\/strong><\/span><\/p>\n<ul style=\"list-style-type: disc;\">\n<li><span style=\"font-size: small; font-family: arial,helvetica,sans-serif; color: #000000;\">J\u00e4hrlicher Besuch einer offiziellen Delegation der Stadt Gy\u0151r zu Sindelfingens Internationalem Stra\u00dfenfest<\/span><\/li>\n<li><span style=\"font-family: arial,helvetica,sans-serif; font-size: small; color: #000000;\">Gelegentlicher Besuche von Handballerinnen, Balettgruppen, Musikern, Ch\u00f6ren, Fussballerinnen, Teilnahme einer ungarischen Sch\u00fclergruppe am internationalen Projekt &#8222;Jugend in Aktion&#8220;<\/span><\/li>\n<li><span style=\"font-size: small; font-family: arial,helvetica,sans-serif; color: #000000;\">Selbstverst\u00e4ndlich wurden diese Besuche durch ad\u00e4quate Sindelfinger Gruppen erwidert: so z.B. durch Musiker, Ch\u00f6re, Theatergruppen oder Teilnahme an der Buchwoche (Buchsalon) mit einem eigenem Stand, Besuch der \u201eBarocktage\u201c etc.<\/span><\/li>\n<li><span style=\"font-size: small; font-family: arial,helvetica,sans-serif; color: #000000;\">Beispielhaft ist die Schulpartnerschaft zwischen der Sindelfinger Gottlieb Daimler Schule I und der Gy\u0151rer Jedlik \u00c1nyos Oberschule f\u00fcr Maschinenbau und Informatik, seit 2001. Von Anfang an sind beide Schulen permanent in Kontakt und f\u00fchren gemeinsame Projekte durch.<\/span><\/li>\n<li><span style=\"font-size: small; font-family: arial,helvetica,sans-serif; color: #000000;\">In den letzten 10 Jahren wurden in Sindelfingen mehrere Praktikanten aus Gy\u0151r in verschiedenen Institutionen untergebracht.<\/span><\/li>\n<\/ul>\n<p>&nbsp;<\/p>\n<address><span style=\"font-size: small; font-family: arial,helvetica,sans-serif;\">Dr. J\u00e1nos Trencs\u00e9ni<\/span><\/address>\n","protected":false},"excerpt":{"rendered":"<p>Partnerstadt seit 1989 Gy\u0151r (deutsch Raab) liegt in West-Ungarn, zwischen Wien und Budapest, je 120 km von beiden Haupst\u00e4dten entfernt. Hier m\u00fcnden die R\u00e1ba (Raab) und die R\u00e1bca in die Mosoni Duna (Moson-Donau oder Kleine Donau), einen rechtsseitigen Seitenarm der Donau. Eine \u201eStadt der Fl\u00fcsse\u201c also. In der Antike befand sich auf dem Gebiet der &hellip; <\/p>\n","protected":false},"author":2,"featured_media":0,"parent":142,"menu_order":40,"comment_status":"closed","ping_status":"closed","template":"","meta":{"footnotes":""},"class_list":["post-161","page","type-page","status-publish","hentry","entry"],"_links":{"self":[{"href":"https:\/\/www.ispas-ev.de\/index.php?rest_route=\/wp\/v2\/pages\/161","targetHints":{"allow":["GET"]}}],"collection":[{"href":"https:\/\/www.ispas-ev.de\/index.php?rest_route=\/wp\/v2\/pages"}],"about":[{"href":"https:\/\/www.ispas-ev.de\/index.php?rest_route=\/wp\/v2\/types\/page"}],"author":[{"embeddable":true,"href":"https:\/\/www.ispas-ev.de\/index.php?rest_route=\/wp\/v2\/users\/2"}],"replies":[{"embeddable":true,"href":"https:\/\/www.ispas-ev.de\/index.php?rest_route=%2Fwp%2Fv2%2Fcomments&post=161"}],"version-history":[{"count":56,"href":"https:\/\/www.ispas-ev.de\/index.php?rest_route=\/wp\/v2\/pages\/161\/revisions"}],"predecessor-version":[{"id":4271,"href":"https:\/\/www.ispas-ev.de\/index.php?rest_route=\/wp\/v2\/pages\/161\/revisions\/4271"}],"up":[{"embeddable":true,"href":"https:\/\/www.ispas-ev.de\/index.php?rest_route=\/wp\/v2\/pages\/142"}],"wp:attachment":[{"href":"https:\/\/www.ispas-ev.de\/index.php?rest_route=%2Fwp%2Fv2%2Fmedia&parent=161"}],"curies":[{"name":"wp","href":"https:\/\/api.w.org\/{rel}","templated":true}]}}