{"id":157,"date":"2011-08-03T22:34:54","date_gmt":"2011-08-03T20:34:54","guid":{"rendered":"http:\/\/www.ispas-ev.de\/?page_id=157"},"modified":"2018-10-07T16:43:47","modified_gmt":"2018-10-07T14:43:47","slug":"chelm","status":"publish","type":"page","link":"https:\/\/www.ispas-ev.de\/?page_id=157","title":{"rendered":"Che\u0142m"},"content":{"rendered":"<p><strong>Sindelfingens Partnerstadt Chelm\/Polen<a href=\"https:\/\/www.ispas-ev.de\/wp-content\/uploads\/2011\/08\/Chelm-Wappen-59x100.gif\"><img loading=\"lazy\" decoding=\"async\" class=\"alignright size-full wp-image-1043\" title=\"Stadtwappen Chelms\" src=\"https:\/\/www.ispas-ev.de\/wp-content\/uploads\/2011\/08\/Chelm-Wappen-59x100.gif\" alt=\"\" width=\"59\" height=\"100\" \/><\/a><\/strong><\/p>\n<p><strong>Chelm <\/strong>hat ca. 70.000 Einwohner und liegt in Ostpolen, unweit der ukrainischen Grenze. Der erste schriftliche Beleg \u00fcber die Existenz einer Siedlung stammt aus dem Jahr 981, als die Stadt in altrussischen Chroniken als Teil des F\u00fcrstentums Halitsch erw\u00e4hnt wurde. Die Stadt wurde im fr\u00fchen Mittelalter gegr\u00fcndet und ist seit dem 13. Jahrhundert Bischofssitz.<br \/>\nEine Kathedrale aus dem Barock, eine russisch-orthodoxe und eine reformatorische Kirche, Klosteranlagen und Bischofspal\u00e4ste k\u00fcnden von der vielseitigen und wechselvollen kulturellen Geschichte der \u00a0Stadt. Kreideh\u00f6hlen unterhalb der Altstadtgeb\u00e4ude zeugen vom gro\u00dfenteils privaten Kreideabbau vorangegangener Jahrhunderte.<br \/>\nProduktionsbetriebe f\u00fcr Zement, M\u00f6bel, Schuhe, Milchprodukte, Strickwaren und Textilien bieten Arbeitspl\u00e4tze im industriellen Bereich. Viele Menschen finden Besch\u00e4ftigung bei Transport- und Dienstleistungsunternehmen.<br \/>\nChelm ist umgeben von zahlreichen Naturdenkm\u00e4lern, sch\u00f6nen Parks und weitl\u00e4ufigen Landschaftsschutzgebieten.<\/p>\n<p>Mit der Unterzeichnung des Partnerschaftsvertrags am 14.12.2001 begann die Partnerschaft zwischen Sindelfingen und Chelm. Seit Beginn der Partnerschaft gibt es einen regelm\u00e4\u00dfigen Schulaustausch zwischen dem Goldberg-Gymnasium und I. Lyzeum Stefan Czarniecki. Viele Jugendliche konnten seitdem die Gelegenheit nutzen, die Lebensumst\u00e4nde im jeweiligen Gastland kennen zu lernen. Sch\u00fclerinnen und Sch\u00fcler aus unserer polnischen Partnerstadt haben bei allen bisherigen EU-Jugendprojekten \u201eErasmus+\u201c, die ISPAS organisiert hat, mitgewirkt.<br \/>\nChelm nimmt regelm\u00e4\u00dfig am Internationalen Stra\u00dfenfest in Sindelfingen teil. Der Stand ist stets gut besucht und ein wichtiger Treffpunkt in der Partnerschaftsstra\u00dfe. Im Jahr 2017 haben erstmals Lehrerinnen der Hotelfachschule aus Chelm die G\u00e4ste des Stra\u00dfenfestes mit Spezialit\u00e4ten aus Polen verw\u00f6hnt und werden dies hoffentlich auch in den n\u00e4chsten Jahren so fortf\u00fchren.<\/p>\n<p>Im Jahr 2016 hat ISPAS eine B\u00fcrgerfahrt nach Chelm angeboten, die von der Sindelfinger Bev\u00f6lkerung sehr gut angenommen wurde. Die Mitreisenden waren von Chelm, ja von Polen sehr begeistert. Durch eine fruchtbare Landschaft, saubere St\u00e4dte und D\u00f6rfer, \u00a0viel Natur und Kultur sowie liebevolle Menschen, zeigte sich Polen wirklich von seiner besten Seite.<\/p>\n<p>Brigitte Stegmaier \/ Vorsitzende \/ ISPAS e.V.<\/p>\n<p>Partnerstadt seit 2001<\/p>\n<p><img loading=\"lazy\" decoding=\"async\" class=\"ngg-singlepic ngg-left alignleft\" src=\"https:\/\/www.ispas-ev.de\/wp-content\/gallery\/chelm\/Chelm_Kirche.jpg\" alt=\"Chelm_Kirche\" width=\"173\" height=\"230\" \/><\/p>\n<p style=\"text-align: center;\"><img loading=\"lazy\" decoding=\"async\" class=\"ngg-singlepic ngg-none aligncenter\" src=\"https:\/\/www.ispas-ev.de\/wp-content\/gallery\/chelm\/Celm_Basilika_innen.jpg\" alt=\"Celm_Basilika_innen\" width=\"178\" height=\"230\" \/><\/p>\n<p><img loading=\"lazy\" decoding=\"async\" class=\"ngg-singlepic ngg-left alignleft\" src=\"https:\/\/www.ispas-ev.de\/wp-content\/gallery\/chelm\/Chelm_Glockenturm.jpg\" alt=\"Chelm_Glockenturm\" width=\"162\" height=\"216\" \/><\/p>\n<p style=\"text-align: center;\"><img loading=\"lazy\" decoding=\"async\" class=\"ngg-singlepic ngg-center aligncenter\" title=\"Mahnmal Sobibor\" src=\"https:\/\/www.ispas-ev.de\/wp-content\/gallery\/chelm\/Chelm_Mahnmal_Sobibor.jpg\" alt=\"Chelm_Mahnmal_Sobibor\" width=\"162\" height=\"216\" \/><\/p>\n<p>&nbsp;<\/p>\n","protected":false},"excerpt":{"rendered":"<p>Sindelfingens Partnerstadt Chelm\/Polen Chelm hat ca. 70.000 Einwohner und liegt in Ostpolen, unweit der ukrainischen Grenze. Der erste schriftliche Beleg \u00fcber die Existenz einer Siedlung stammt aus dem Jahr 981, als die Stadt in altrussischen Chroniken als Teil des F\u00fcrstentums Halitsch erw\u00e4hnt wurde. Die Stadt wurde im fr\u00fchen Mittelalter gegr\u00fcndet und ist seit dem 13. &hellip; <\/p>\n","protected":false},"author":2,"featured_media":0,"parent":0,"menu_order":10,"comment_status":"closed","ping_status":"closed","template":"","meta":{"footnotes":""},"class_list":["post-157","page","type-page","status-publish","hentry","entry"],"_links":{"self":[{"href":"https:\/\/www.ispas-ev.de\/index.php?rest_route=\/wp\/v2\/pages\/157","targetHints":{"allow":["GET"]}}],"collection":[{"href":"https:\/\/www.ispas-ev.de\/index.php?rest_route=\/wp\/v2\/pages"}],"about":[{"href":"https:\/\/www.ispas-ev.de\/index.php?rest_route=\/wp\/v2\/types\/page"}],"author":[{"embeddable":true,"href":"https:\/\/www.ispas-ev.de\/index.php?rest_route=\/wp\/v2\/users\/2"}],"replies":[{"embeddable":true,"href":"https:\/\/www.ispas-ev.de\/index.php?rest_route=%2Fwp%2Fv2%2Fcomments&post=157"}],"version-history":[{"count":32,"href":"https:\/\/www.ispas-ev.de\/index.php?rest_route=\/wp\/v2\/pages\/157\/revisions"}],"predecessor-version":[{"id":4429,"href":"https:\/\/www.ispas-ev.de\/index.php?rest_route=\/wp\/v2\/pages\/157\/revisions\/4429"}],"wp:attachment":[{"href":"https:\/\/www.ispas-ev.de\/index.php?rest_route=%2Fwp%2Fv2%2Fmedia&parent=157"}],"curies":[{"name":"wp","href":"https:\/\/api.w.org\/{rel}","templated":true}]}}