{"id":1219,"date":"2012-02-25T18:18:30","date_gmt":"2012-02-25T16:18:30","guid":{"rendered":"http:\/\/www.ispas-ev.de\/?page_id=1219"},"modified":"2025-09-09T11:20:59","modified_gmt":"2025-09-09T09:20:59","slug":"vorstand-2","status":"publish","type":"page","link":"https:\/\/www.ispas-ev.de\/?page_id=1219","title":{"rendered":"Vorstand"},"content":{"rendered":"<p>\u200b<\/p>\n<table style=\"width: 97.8322%; height: 786px;\" border=\"0\" frame=\"border\" cellpadding=\"10\">\n<tbody style=\"font-family: Arial,Helvetica,sans-serif; font-size: 12px; background-color: #daffc7;\">\n<tr style=\"height: 30px;\">\n<td style=\"background-color: #edfee3; vertical-align: top; width: 38.1895%; height: 119px;\"><strong><span style=\"font-size: small;\"><em>Vorsitzende<\/em><\/span><\/strong><\/td>\n<td style=\"background-color: #edfee3; width: 24.3281%; height: 119px;\"><a href=\"https:\/\/www.ispas-ev.de\/wp-content\/uploads\/2022\/05\/Brigitte-Stegmaier-verkleinert.jpg\"><img loading=\"lazy\" decoding=\"async\" class=\"alignnone size-medium wp-image-6200\" src=\"https:\/\/www.ispas-ev.de\/wp-content\/uploads\/2022\/05\/Brigitte-Stegmaier-verkleinert-225x300.jpg\" alt=\"\" width=\"225\" height=\"300\" srcset=\"https:\/\/www.ispas-ev.de\/wp-content\/uploads\/2022\/05\/Brigitte-Stegmaier-verkleinert-225x300.jpg 225w, https:\/\/www.ispas-ev.de\/wp-content\/uploads\/2022\/05\/Brigitte-Stegmaier-verkleinert.jpg 443w\" sizes=\"auto, (max-width: 225px) 100vw, 225px\" \/><\/a><\/td>\n<td style=\"background-color: #edfee3; vertical-align: top; width: 35.3607%; height: 119px;\"><span style=\"font-size: small;\"><br \/>\n<a href=\"mailto:info@ispas-ev.de\">Brigitte Stegmaier<\/a><\/span><\/td>\n<\/tr>\n<tr style=\"height: 30px;\">\n<td style=\"background-color: #edfee3; vertical-align: top; width: 38.1895%; height: 136px;\"><span style=\"font-size: small;\"><em><strong>Stellvertreter<\/strong><\/em><\/span><\/td>\n<td style=\"background-color: #edfee3; width: 24.3281%; height: 136px;\">&nbsp;<img loading=\"lazy\" decoding=\"async\" class=\"alignnone size-full wp-image-7147\" style=\"font-size: 14px; background-color: #ffffff; font-family: 'Open Sans', sans-serif;\" src=\"https:\/\/www.ispas-ev.de\/wp-content\/uploads\/2023\/07\/Wolfgang-Trefz-1-verkleinert-225x300_neu.jpg\" alt=\"\" width=\"225\" height=\"300\"><\/td>\n<td style=\"background-color: #edfee3; vertical-align: top; width: 35.3607%; height: 136px;\"><span style=\"font-size: small;\"><br \/>\n<\/span><span style=\"font-size: small;\"><a href=\"mailto:vorstand@ispas-ev.de\">Wolfgang Trefz<\/a><\/span><\/td>\n<\/tr>\n<tr style=\"height: 30px;\">\n<td style=\"background-color: #edfee3; vertical-align: top; width: 38.1895%; height: 137px;\"><span style=\"font-size: small;\"><em><strong>Stellvertreterin&nbsp;<\/strong><\/em><\/span><\/td>\n<td style=\"background-color: #edfee3; width: 24.3281%; height: 137px;\"><a href=\"https:\/\/www.ispas-ev.de\/wp-content\/uploads\/2022\/05\/Ute-Walker-klein.jpg\"><img loading=\"lazy\" decoding=\"async\" class=\"alignnone size-medium wp-image-6203\" src=\"https:\/\/www.ispas-ev.de\/wp-content\/uploads\/2022\/05\/Ute-Walker-klein-225x300.jpg\" alt=\"\" width=\"225\" height=\"300\" srcset=\"https:\/\/www.ispas-ev.de\/wp-content\/uploads\/2022\/05\/Ute-Walker-klein-225x300.jpg 225w, https:\/\/www.ispas-ev.de\/wp-content\/uploads\/2022\/05\/Ute-Walker-klein.jpg 443w\" sizes=\"auto, (max-width: 225px) 100vw, 225px\" \/><\/a><\/td>\n<td style=\"background-color: #edfee3; vertical-align: top; width: 35.3607%; height: 137px;\"><span style=\"font-size: small;\"><br \/>\n<a href=\"mailto: dronfield@ispas-ev.de\">U<\/a><\/span><span style=\"font-size: small;\"><a href=\"mailto: vorstand@ispas-ev.de\">te Walker<\/a><\/span><\/td>\n<\/tr>\n<tr style=\"height: 30px;\">\n<td style=\"background-color: #edfee3; vertical-align: top; width: 38.1895%; height: 159px;\"><span style=\"font-size: small;\"><em><strong>Pressesprecherin<\/strong><\/em><\/span><\/td>\n<td style=\"background-color: #edfee3; width: 24.3281%; height: 159px;\">&nbsp;<\/td>\n<td style=\"background-color: #edfee3; vertical-align: top; width: 35.3607%; height: 159px;\">&nbsp;<\/p>\n<p><span style=\"font-size: small;\">N.N.<\/span><\/td>\n<\/tr>\n<tr style=\"height: 30px;\">\n<td style=\"background-color: #edfee3; vertical-align: top; width: 38.1895%; height: 108px;\"><span style=\"font-size: small;\"><em><strong>Schriftf\u00fchrerin<\/strong><\/em><\/span><\/td>\n<td style=\"background-color: #edfee3; width: 24.3281%; height: 108px;\">&nbsp;<\/td>\n<td style=\"background-color: #edfee3; vertical-align: top; width: 35.3607%; height: 108px;\">&nbsp;<\/p>\n<p><a href=\"mailto: info@ispas-ev.de\">N.N.<\/a>.<\/td>\n<\/tr>\n<tr style=\"height: 30px;\">\n<td style=\"background-color: #edfee3; vertical-align: top; width: 38.1895%; height: 127px;\"><span style=\"font-size: small;\"><em><strong>Schatzmeisterin<br \/>\n<\/strong><\/em><\/span><\/td>\n<td style=\"background-color: #edfee3; width: 24.3281%; height: 127px;\"><a href=\"https:\/\/www.ispas-ev.de\/wp-content\/uploads\/2022\/05\/Rita-Fischer-verkleinert.jpg\"><img loading=\"lazy\" decoding=\"async\" class=\"alignnone size-medium wp-image-6202\" src=\"https:\/\/www.ispas-ev.de\/wp-content\/uploads\/2022\/05\/Rita-Fischer-verkleinert-225x300.jpg\" alt=\"\" width=\"225\" height=\"300\" srcset=\"https:\/\/www.ispas-ev.de\/wp-content\/uploads\/2022\/05\/Rita-Fischer-verkleinert-225x300.jpg 225w, https:\/\/www.ispas-ev.de\/wp-content\/uploads\/2022\/05\/Rita-Fischer-verkleinert.jpg 443w\" sizes=\"auto, (max-width: 225px) 100vw, 225px\" \/><\/a><\/td>\n<td style=\"background-color: #edfee3; vertical-align: top; width: 35.3607%; height: 127px;\">&nbsp;<\/p>\n<p><span style=\"font-size: small;\"><a href=\"mailto:schatzmeisterin@ispas-ev.de\">Rita Fischer<\/a><\/span><\/p>\n<p>&nbsp;<\/p>\n<p>&nbsp;<\/td>\n<\/tr>\n<\/tbody>\n<\/table>\n<p>&nbsp;<\/p>\n<table style=\"width: 100%; height: 730px;\" border=\"0\" cellpadding=\"10\">\n<thead>\n<tr style=\"height: 30px; background-color: #008000;\" align=\"left\">\n<td style=\"height: 20px;\" align=\"center\"><span style=\"font-size: small; color: #ffffff;\"><em><strong> Partnerstadt<\/strong><\/em><\/span><\/td>\n<td style=\"height: 20px;\" align=\"center\">&nbsp;<\/td>\n<td style=\"height: 20px;\" align=\"center\"><span style=\"font-size: small; color: #ffffff;\"><em><strong>1. Sprecher\/-In<\/strong><\/em><\/span><\/td>\n<td style=\"height: 20px;\" align=\"center\">&nbsp;<\/td>\n<td style=\"height: 20px;\" align=\"center\"><span style=\"font-size: small; color: #ffffff;\"><em><strong>2. Sprecher\/-in<\/strong><\/em><\/span><\/td>\n<\/tr>\n<\/thead>\n<tbody style=\"font-family: Arial,Helvetica,sans-serif; font-size: 12px; background-color: #daffc7;\">\n<tr style=\"height: 30px;\">\n<td style=\"background-color: #edfee3; vertical-align: top; height: 116px;\"><span style=\"font-size: small;\"><strong>Che\u0142m<\/strong><\/span><\/td>\n<td style=\"background-color: #edfee3; text-align: center; vertical-align: middle; height: 116px;\"><a href=\"https:\/\/www.ispas-ev.de\/wp-content\/uploads\/2022\/05\/Hildegard-Stein-verkleinert.jpg\"><img loading=\"lazy\" decoding=\"async\" class=\"size-medium wp-image-6213 alignleft\" src=\"https:\/\/www.ispas-ev.de\/wp-content\/uploads\/2022\/05\/Hildegard-Stein-verkleinert-225x300.jpg\" alt=\"\" width=\"225\" height=\"300\" srcset=\"https:\/\/www.ispas-ev.de\/wp-content\/uploads\/2022\/05\/Hildegard-Stein-verkleinert-225x300.jpg 225w, https:\/\/www.ispas-ev.de\/wp-content\/uploads\/2022\/05\/Hildegard-Stein-verkleinert.jpg 443w\" sizes=\"auto, (max-width: 225px) 100vw, 225px\" \/><\/a><\/td>\n<td style=\"background-color: #edfee3; vertical-align: top; height: 116px;\">&nbsp;<span style=\"font-size: small;\"> <a href=\"mailto:chelm@ispas-ev.de\">Hildegard Stein<\/a><\/span><\/td>\n<td style=\"background-color: #edfee3; text-align: center; vertical-align: middle; height: 116px;\"><a href=\"https:\/\/www.ispas-ev.de\/wp-content\/uploads\/2023\/09\/Ewa-Dabrowska-1verkleinert-225x300-1.jpg\"><img loading=\"lazy\" decoding=\"async\" class=\"size-full wp-image-7161 alignleft\" src=\"https:\/\/www.ispas-ev.de\/wp-content\/uploads\/2023\/09\/Ewa-Dabrowska-1verkleinert-225x300-1.jpg\" alt=\"\" width=\"225\" height=\"300\"><\/a><\/td>\n<td style=\"background-color: #edfee3; vertical-align: top; height: 116px;\">&nbsp;<span style=\"font-size: small;\"> <a href=\"mailto:chelm@ispas-ev.de\">Ewa Dabrowska<\/a><\/span><\/td>\n<\/tr>\n<tr style=\"height: 30px;\">\n<td style=\"background-color: #edfee3; vertical-align: top; height: 95px;\"><span style=\"font-size: small;\"><strong>Corbeil-Essonnes<br \/>\n<\/strong><\/span><\/td>\n<td style=\"background-color: #edfee3; text-align: center; vertical-align: middle; height: 95px;\"><a href=\"https:\/\/www.ispas-ev.de\/wp-content\/uploads\/2023\/09\/Jelkica-Cirilovic-1-verkleinert-225x300_neu.jpg\"><img loading=\"lazy\" decoding=\"async\" class=\"size-full wp-image-7156 alignleft\" src=\"https:\/\/www.ispas-ev.de\/wp-content\/uploads\/2023\/09\/Jelkica-Cirilovic-1-verkleinert-225x300_neu.jpg\" alt=\"\" width=\"225\" height=\"300\"><\/a><\/td>\n<td style=\"background-color: #edfee3; vertical-align: top; height: 95px;\"><span style=\"font-size: small;\"> <a href=\"mailto:corbeil-essonnes@ispas-ev.de\">Jelkica Cirilovic<br \/>\n<\/a><\/span><\/td>\n<td style=\"background-color: #edfee3; text-align: center; vertical-align: middle; height: 95px;\"><a href=\"https:\/\/www.ispas-ev.de\/wp-content\/uploads\/2023\/09\/Foto-Ingrid-Scholz-Hertel-klein-225x300_neu-e1693766567995.jpg\"><img loading=\"lazy\" decoding=\"async\" class=\"size-full wp-image-7154 alignleft\" src=\"https:\/\/www.ispas-ev.de\/wp-content\/uploads\/2023\/09\/Foto-Ingrid-Scholz-Hertel-klein-225x300_neu-e1693766567995.jpg\" alt=\"\" width=\"225\" height=\"300\"><\/a><\/td>\n<td style=\"background-color: #edfee3; vertical-align: top; height: 95px;\"><span style=\"font-size: small;\"><a href=\"mailto:corbeil-essonnes@ispas-ev.de\">Ingrid Scholz-Hertel<br \/>\n<\/a><\/span><\/td>\n<\/tr>\n<tr style=\"height: 30px;\">\n<td style=\"background-color: #edfee3; vertical-align: top; height: 104px;\"><span style=\"font-size: small;\"><strong>Dronfield<\/strong><\/span><\/td>\n<td style=\"background-color: #edfee3; text-align: center; vertical-align: middle; height: 104px;\"><a href=\"https:\/\/www.ispas-ev.de\/wp-content\/uploads\/2022\/05\/Ute-Walker-klein.jpg\"><img loading=\"lazy\" decoding=\"async\" class=\"size-medium wp-image-6203 alignleft\" src=\"https:\/\/www.ispas-ev.de\/wp-content\/uploads\/2022\/05\/Ute-Walker-klein-225x300.jpg\" alt=\"\" width=\"225\" height=\"300\" srcset=\"https:\/\/www.ispas-ev.de\/wp-content\/uploads\/2022\/05\/Ute-Walker-klein-225x300.jpg 225w, https:\/\/www.ispas-ev.de\/wp-content\/uploads\/2022\/05\/Ute-Walker-klein.jpg 443w\" sizes=\"auto, (max-width: 225px) 100vw, 225px\" \/><\/a><\/td>\n<td style=\"background-color: #edfee3; vertical-align: top; height: 104px;\"><span style=\"font-size: small;\"><a href=\"mailto:dronfield@ispas-ev.de\">Ute Walker<\/a><\/span><\/td>\n<td style=\"background-color: #edfee3; text-align: center; vertical-align: middle; height: 104px;\"><a href=\"https:\/\/www.ispas-ev.de\/wp-content\/uploads\/2022\/05\/Andreas-Schneider-Doelker-verkleinert.jpg\"><img loading=\"lazy\" decoding=\"async\" class=\"size-medium wp-image-6219 alignleft\" src=\"https:\/\/www.ispas-ev.de\/wp-content\/uploads\/2022\/05\/Andreas-Schneider-Doelker-verkleinert-225x300.jpg\" alt=\"\" width=\"225\" height=\"300\" srcset=\"https:\/\/www.ispas-ev.de\/wp-content\/uploads\/2022\/05\/Andreas-Schneider-Doelker-verkleinert-225x300.jpg 225w, https:\/\/www.ispas-ev.de\/wp-content\/uploads\/2022\/05\/Andreas-Schneider-Doelker-verkleinert.jpg 443w\" sizes=\"auto, (max-width: 225px) 100vw, 225px\" \/><\/a><\/td>\n<td style=\"background-color: #edfee3; vertical-align: top; height: 104px;\"><span style=\"font-size: small;\"><a href=\"mailto:dronfield@ispas-ev.de\">Andreas Schneider-D\u00f6lker<\/a><\/span><\/td>\n<\/tr>\n<tr style=\"height: 30px;\">\n<td style=\"background-color: #edfee3; vertical-align: top; height: 10px;\"><span style=\"font-size: small;\"><strong>Gy\u0151r<\/strong><\/span><\/td>\n<td style=\"background-color: #edfee3; text-align: center; vertical-align: middle; height: 10px;\"><a style=\"font-size: 13px;\" href=\"https:\/\/www.ispas-ev.de\/wp-content\/uploads\/2022\/05\/Gabor-Bende-2-verkleinert.jpg\"><img loading=\"lazy\" decoding=\"async\" class=\"size-medium wp-image-6201 alignleft\" style=\"font-size: 13px;\" src=\"https:\/\/www.ispas-ev.de\/wp-content\/uploads\/2022\/05\/Gabor-Bende-2-verkleinert-225x300.jpg\" alt=\"\" width=\"225\" height=\"300\" srcset=\"https:\/\/www.ispas-ev.de\/wp-content\/uploads\/2022\/05\/Gabor-Bende-2-verkleinert-225x300.jpg 225w, https:\/\/www.ispas-ev.de\/wp-content\/uploads\/2022\/05\/Gabor-Bende-2-verkleinert.jpg 443w\" sizes=\"auto, (max-width: 225px) 100vw, 225px\" \/><\/a><\/td>\n<td style=\"background-color: #edfee3; vertical-align: top; height: 10px;\"><span style=\"font-size: small;\"> <a href=\"mailto:gyoer@ispas-ev.de\">G\u00e1bor Bende<\/a><\/span><\/td>\n<td style=\"background-color: #edfee3; text-align: center; vertical-align: middle; height: 10px;\"><a href=\"https:\/\/www.ispas-ev.de\/wp-content\/uploads\/2022\/05\/Katalin-Ruettermann-2-verkleinert.jpg\"><img loading=\"lazy\" decoding=\"async\" class=\"size-medium wp-image-6224 alignleft\" src=\"https:\/\/www.ispas-ev.de\/wp-content\/uploads\/2022\/05\/Katalin-Ruettermann-2-verkleinert-225x300.jpg\" alt=\"\" width=\"225\" height=\"300\" srcset=\"https:\/\/www.ispas-ev.de\/wp-content\/uploads\/2022\/05\/Katalin-Ruettermann-2-verkleinert-225x300.jpg 225w, https:\/\/www.ispas-ev.de\/wp-content\/uploads\/2022\/05\/Katalin-Ruettermann-2-verkleinert.jpg 443w\" sizes=\"auto, (max-width: 225px) 100vw, 225px\" \/><\/a><\/td>\n<td style=\"background-color: #edfee3; vertical-align: top; height: 10px;\"><span style=\"font-size: small;\"><a href=\"mailto:gyoer@ispas-ev.de\">Katalin R\u00fctterman<\/a><a href=\"mailto:gyoer@ispas-ev.de\">n<\/a><\/span><\/td>\n<\/tr>\n<tr style=\"height: 37px;\">\n<td style=\"background-color: #edfee3; vertical-align: top; height: 36px;\"><span style=\"font-size: small;\"><strong>Ost-Samos<\/strong><\/span><\/td>\n<td style=\"background-color: #edfee3; text-align: center; vertical-align: middle; height: 36px;\"><a href=\"https:\/\/www.ispas-ev.de\/wp-content\/uploads\/2024\/11\/Birgiz-Wohland-Braun.jpeg\"><img loading=\"lazy\" decoding=\"async\" class=\"alignleft wp-image-7541\" src=\"https:\/\/www.ispas-ev.de\/wp-content\/uploads\/2024\/11\/Birgiz-Wohland-Braun-200x300.jpeg\" alt=\"\" width=\"225\" height=\"338\" srcset=\"https:\/\/www.ispas-ev.de\/wp-content\/uploads\/2024\/11\/Birgiz-Wohland-Braun-200x300.jpeg 200w, https:\/\/www.ispas-ev.de\/wp-content\/uploads\/2024\/11\/Birgiz-Wohland-Braun-682x1024.jpeg 682w, https:\/\/www.ispas-ev.de\/wp-content\/uploads\/2024\/11\/Birgiz-Wohland-Braun-768x1152.jpeg 768w, https:\/\/www.ispas-ev.de\/wp-content\/uploads\/2024\/11\/Birgiz-Wohland-Braun.jpeg 853w\" sizes=\"auto, (max-width: 225px) 100vw, 225px\" \/><\/a><\/td>\n<td style=\"background-color: #edfee3; vertical-align: top; height: 36px;\"><a href=\"mailto:ost-samos@ispas-ev.de\"><span style=\"font-size: small;\">Birgit Wohland-Braun<\/span><\/a><\/td>\n<td style=\"background-color: #edfee3; text-align: center; vertical-align: middle; height: 36px;\">&nbsp;<\/td>\n<td style=\"background-color: #edfee3; vertical-align: top; height: 36px;\"><span style=\"font-size: small;\">N.N.<\/span><\/td>\n<\/tr>\n<tr style=\"height: 30px;\">\n<td style=\"background-color: #edfee3; vertical-align: top; height: 127px;\"><span style=\"font-size: small;\"><strong>Schaffhausen<\/strong><\/span><\/td>\n<td style=\"background-color: #edfee3; text-align: center; vertical-align: middle; height: 127px;\"><a href=\"https:\/\/www.ispas-ev.de\/wp-content\/uploads\/2022\/05\/Brigitte-Stegmaier-verkleinert.jpg\"><img loading=\"lazy\" decoding=\"async\" class=\"size-medium wp-image-6200 alignleft\" src=\"https:\/\/www.ispas-ev.de\/wp-content\/uploads\/2022\/05\/Brigitte-Stegmaier-verkleinert-225x300.jpg\" alt=\"\" width=\"225\" height=\"300\" srcset=\"https:\/\/www.ispas-ev.de\/wp-content\/uploads\/2022\/05\/Brigitte-Stegmaier-verkleinert-225x300.jpg 225w, https:\/\/www.ispas-ev.de\/wp-content\/uploads\/2022\/05\/Brigitte-Stegmaier-verkleinert.jpg 443w\" sizes=\"auto, (max-width: 225px) 100vw, 225px\" \/><\/a><\/td>\n<td style=\"background-color: #edfee3; vertical-align: top; height: 127px;\"><span style=\"font-size: small;\"> <a href=\"mailto:schaffhausen@ispas-ev.de\">Brigitte Stegmaier<\/a><\/span><\/td>\n<td style=\"background-color: #edfee3; text-align: center; vertical-align: middle; height: 127px;\"><a href=\"https:\/\/www.ispas-ev.de\/wp-content\/uploads\/2022\/05\/Bettina-Schneider-verkleinert.jpg\"><img loading=\"lazy\" decoding=\"async\" class=\"size-medium wp-image-6207 alignleft\" src=\"https:\/\/www.ispas-ev.de\/wp-content\/uploads\/2022\/05\/Bettina-Schneider-verkleinert-225x300.jpg\" alt=\"\" width=\"225\" height=\"300\" srcset=\"https:\/\/www.ispas-ev.de\/wp-content\/uploads\/2022\/05\/Bettina-Schneider-verkleinert-225x300.jpg 225w, https:\/\/www.ispas-ev.de\/wp-content\/uploads\/2022\/05\/Bettina-Schneider-verkleinert.jpg 443w\" sizes=\"auto, (max-width: 225px) 100vw, 225px\" \/><\/a><\/td>\n<td style=\"background-color: #edfee3; vertical-align: top; height: 127px;\"><span style=\"font-size: small;\">&nbsp;<a href=\"mailto:schaffhausen@ispas-ev.de\">Bettina Schneider<\/a><\/span><\/td>\n<\/tr>\n<tr style=\"height: 30px;\">\n<td style=\"background-color: #edfee3; vertical-align: top; height: 124px;\"><span style=\"font-size: small;\"><strong>Sondrio<\/strong><\/span><\/td>\n<td style=\"background-color: #edfee3; text-align: center; vertical-align: middle; height: 124px;\"><a href=\"https:\/\/www.ispas-ev.de\/wp-content\/uploads\/2022\/05\/Italia-Frazzetta-verkleinert.jpg\"><img loading=\"lazy\" decoding=\"async\" class=\"size-medium wp-image-6205 alignleft\" src=\"https:\/\/www.ispas-ev.de\/wp-content\/uploads\/2022\/05\/Italia-Frazzetta-verkleinert-225x300.jpg\" alt=\"\" width=\"225\" height=\"300\" srcset=\"https:\/\/www.ispas-ev.de\/wp-content\/uploads\/2022\/05\/Italia-Frazzetta-verkleinert-225x300.jpg 225w, https:\/\/www.ispas-ev.de\/wp-content\/uploads\/2022\/05\/Italia-Frazzetta-verkleinert.jpg 443w\" sizes=\"auto, (max-width: 225px) 100vw, 225px\" \/><\/a><\/td>\n<td style=\"background-color: #edfee3; vertical-align: top; height: 124px;\"><span style=\"font-size: small;\"> <a href=\"mailto:sondrio@ispas-ev.de\">Italia Graziano Frazzetta<\/a><\/span><\/td>\n<td style=\"background-color: #edfee3; text-align: center; vertical-align: middle; height: 124px;\"><a href=\"https:\/\/www.ispas-ev.de\/wp-content\/uploads\/2024\/11\/Vanessa-Ribillotta.jpeg\"><img loading=\"lazy\" decoding=\"async\" class=\"alignleft wp-image-7540\" src=\"https:\/\/www.ispas-ev.de\/wp-content\/uploads\/2024\/11\/Vanessa-Ribillotta-200x300.jpeg\" alt=\"\" width=\"225\" height=\"338\" srcset=\"https:\/\/www.ispas-ev.de\/wp-content\/uploads\/2024\/11\/Vanessa-Ribillotta-200x300.jpeg 200w, https:\/\/www.ispas-ev.de\/wp-content\/uploads\/2024\/11\/Vanessa-Ribillotta-682x1024.jpeg 682w, https:\/\/www.ispas-ev.de\/wp-content\/uploads\/2024\/11\/Vanessa-Ribillotta-768x1152.jpeg 768w, https:\/\/www.ispas-ev.de\/wp-content\/uploads\/2024\/11\/Vanessa-Ribillotta.jpeg 853w\" sizes=\"auto, (max-width: 225px) 100vw, 225px\" \/><\/a><\/td>\n<td style=\"background-color: #edfee3; vertical-align: top; height: 124px;\"><span style=\"font-size: small;\"><a href=\"mailto:sondrio@ispas-ev.de\">Vanessa Ribillotta<\/a><\/span><\/td>\n<\/tr>\n<tr style=\"height: 30px;\">\n<td style=\"background-color: #edfee3; vertical-align: top; height: 98px;\"><span style=\"font-size: small;\"><strong>Torgau<\/strong><\/span><\/td>\n<td style=\"background-color: #edfee3; text-align: center; vertical-align: middle; height: 98px;\"><img decoding=\"async\" class=\"alignleft\" src=\"https:\/\/www.ispas-ev.de\/wp-content\/uploads\/2022\/05\/Ingrid-Pitterle-verkleinert-225x300.jpg\"><\/td>\n<td style=\"background-color: #edfee3; vertical-align: top; height: 98px;\"><span style=\"font-size: small;\"><a href=\"mailto:torgau@ispas-ev.de\">Ingrid Pitterle<\/a><\/span><\/td>\n<td style=\"background-color: #edfee3; text-align: center; vertical-align: middle; height: 98px;\"><a href=\"https:\/\/www.ispas-ev.de\/wp-content\/uploads\/2024\/11\/Manfred-Stock.jpeg\"><img loading=\"lazy\" decoding=\"async\" class=\"alignleft wp-image-7542\" src=\"https:\/\/www.ispas-ev.de\/wp-content\/uploads\/2024\/11\/Manfred-Stock-200x300.jpeg\" alt=\"\" width=\"225\" height=\"338\" srcset=\"https:\/\/www.ispas-ev.de\/wp-content\/uploads\/2024\/11\/Manfred-Stock-200x300.jpeg 200w, https:\/\/www.ispas-ev.de\/wp-content\/uploads\/2024\/11\/Manfred-Stock-682x1024.jpeg 682w, https:\/\/www.ispas-ev.de\/wp-content\/uploads\/2024\/11\/Manfred-Stock-768x1152.jpeg 768w, https:\/\/www.ispas-ev.de\/wp-content\/uploads\/2024\/11\/Manfred-Stock.jpeg 853w\" sizes=\"auto, (max-width: 225px) 100vw, 225px\" \/><\/a><\/td>\n<td style=\"background-color: #edfee3; vertical-align: top; height: 98px;\"><span style=\"font-size: small;\"><a href=\"mailto:torgau@ispas-ev.de\">Manfred Stock<\/a><br \/>\n<\/span><\/td>\n<\/tr>\n<\/tbody>\n<\/table>\n<p>&nbsp;<\/p>\n","protected":false},"excerpt":{"rendered":"<p>\u200b Vorsitzende Brigitte Stegmaier Stellvertreter &nbsp; Wolfgang Trefz Stellvertreterin&nbsp; Ute Walker Pressesprecherin &nbsp; &nbsp; N.N. Schriftf\u00fchrerin &nbsp; &nbsp; N.N.. Schatzmeisterin &nbsp; Rita Fischer &nbsp; &nbsp; &nbsp; Partnerstadt &nbsp; 1. Sprecher\/-In &nbsp; 2. Sprecher\/-in Che\u0142m &nbsp; Hildegard Stein &nbsp; Ewa Dabrowska Corbeil-Essonnes Jelkica Cirilovic Ingrid Scholz-Hertel Dronfield Ute Walker Andreas Schneider-D\u00f6lker Gy\u0151r G\u00e1bor Bende Katalin R\u00fcttermann &hellip; <\/p>\n","protected":false},"author":2,"featured_media":0,"parent":1138,"menu_order":0,"comment_status":"closed","ping_status":"closed","template":"","meta":{"footnotes":""},"class_list":["post-1219","page","type-page","status-publish","hentry","entry"],"_links":{"self":[{"href":"https:\/\/www.ispas-ev.de\/index.php?rest_route=\/wp\/v2\/pages\/1219","targetHints":{"allow":["GET"]}}],"collection":[{"href":"https:\/\/www.ispas-ev.de\/index.php?rest_route=\/wp\/v2\/pages"}],"about":[{"href":"https:\/\/www.ispas-ev.de\/index.php?rest_route=\/wp\/v2\/types\/page"}],"author":[{"embeddable":true,"href":"https:\/\/www.ispas-ev.de\/index.php?rest_route=\/wp\/v2\/users\/2"}],"replies":[{"embeddable":true,"href":"https:\/\/www.ispas-ev.de\/index.php?rest_route=%2Fwp%2Fv2%2Fcomments&post=1219"}],"version-history":[{"count":142,"href":"https:\/\/www.ispas-ev.de\/index.php?rest_route=\/wp\/v2\/pages\/1219\/revisions"}],"predecessor-version":[{"id":7961,"href":"https:\/\/www.ispas-ev.de\/index.php?rest_route=\/wp\/v2\/pages\/1219\/revisions\/7961"}],"up":[{"embeddable":true,"href":"https:\/\/www.ispas-ev.de\/index.php?rest_route=\/wp\/v2\/pages\/1138"}],"wp:attachment":[{"href":"https:\/\/www.ispas-ev.de\/index.php?rest_route=%2Fwp%2Fv2%2Fmedia&parent=1219"}],"curies":[{"name":"wp","href":"https:\/\/api.w.org\/{rel}","templated":true}]}}